{"id":1948,"date":"2022-07-13T16:17:43","date_gmt":"2022-07-13T14:17:43","guid":{"rendered":"http:\/\/macchifiorenzo.com\/news\/"},"modified":"2022-07-29T11:05:27","modified_gmt":"2022-07-29T09:05:27","slug":"evenements","status":"publish","type":"page","link":"https:\/\/macchifiorenzo.com\/fr\/evenements\/","title":{"rendered":"\u00c9v\u00e9nements"},"content":{"rendered":"\r\n<h5>\r\n\t\trester \u00e0 l&rsquo;\u00e9coute\r\n\t<\/h5>\r\n<h1>\r\n\t\tDerni\u00e8res nouvelles\r\n\t<\/h1>\r\n\t\t\t<a href=\"https:\/\/macchifiorenzo.com\/fr\/\" target=\"_self\" role=\"button\" rel=\"noopener\">\r\n\t\t\t\t\t\tArri\u00e8re\r\n\t\t<\/a>\r\n\t<meta itemscope itemprop=\"mainEntityOfPage\" itemtype=\"https:\/\/schema.org\/WebPage\" itemid=\"https:\/\/macchifiorenzo.com\/fr\/automechanika-francoforte-2022\/\" content=\"AUTOMECHANIKA FRANCOFORTE 2022\" \/><meta itemprop=\"datePublished\" content=\"2022-07-19\" \/><meta itemprop=\"dateModified\" content=\"2022-07-19\" \/><meta itemprop=\"name\" content=\"Macchi Rag Fiorenzo\"\/><meta itemprop=\"url\" content=\"http:\/\/macchifiorenzo.com\/wp-content\/uploads\/2021\/07\/03_logo_macchi_colori.svg\"\/><meta itemprop=\"url\" content=\"https:\/\/macchifiorenzo.com\/fr\/author\/sconconi\/\" \/><meta itemprop=\"name\" content=\"SConconi\" \/><meta itemprop=\"url\" content=\"http:\/\/macchifiorenzo.com\/wp-content\/uploads\/2022\/07\/img_evidenza_automechanika-frankfurt_2022.jpg\" \/><meta itemprop=\"width\" content=\"1200\" \/><meta itemprop=\"height\" content=\"1000\" \/><meta itemprop=\"interactionType\" content=\"https:\/\/schema.org\/CommentAction\" \/><meta itemprop=\"userInteractionCount\" content=\"0\" \/>\r\n\t\t\t\t\t<a href=\"https:\/\/macchifiorenzo.com\/fr\/automechanika-francoforte-2022\/\" title=\"AUTOMECHANIKA FRANCOFORTE 2022\"><\/a>\r\n\t\t\t\t<img decoding=\"async\" loading=\"lazy\" src=\"http:\/\/macchifiorenzo.com\/wp-content\/uploads\/bb-plugin\/cache\/img_evidenza_automechanika-frankfurt_2022-1024x853-landscape.jpg\" alt=\"img_evidenza_automechanika-frankfurt_2022\" itemprop=\"image\" data-no-lazy=\"1\" height=\"853\" width=\"1024\" title=\"img_evidenza_automechanika-frankfurt_2022\" onerror=\"this.style.display='none'\"  \/>\r\n\t\t\t\t\t\t\t\t\t<h3 itemprop=\"headline\">\r\n\t\t\t\t\t\t\t\t\t\t\t\t\t\tAUTOMECHANIKA FRANCOFORTE 2022\t\t\t\t\t\t\t\t\t\t\t<\/h3>\r\n\t\t\t19 juillet 2022\t\t\t\t\t\t\r\n    Macchi Rag. Fiorenzo sera pr\u00e9sent au salon AUTOMECHANIKA \u00e0 Francfort du 13 au 17 septembre. Venez nous rendre visite pour conna\u00eetre toutes&#8230;\r\n\t<meta itemscope itemprop=\"mainEntityOfPage\" itemtype=\"https:\/\/schema.org\/WebPage\" itemid=\"https:\/\/macchifiorenzo.com\/fr\/autopromotec-bologna-2022\/\" content=\"AUTOPROMOTEC BOLOGNA 2022\" \/><meta itemprop=\"datePublished\" content=\"2022-07-19\" \/><meta itemprop=\"dateModified\" content=\"2022-07-19\" \/><meta itemprop=\"name\" content=\"Macchi Rag Fiorenzo\"\/><meta itemprop=\"url\" content=\"http:\/\/macchifiorenzo.com\/wp-content\/uploads\/2021\/07\/03_logo_macchi_colori.svg\"\/><meta itemprop=\"url\" content=\"https:\/\/macchifiorenzo.com\/fr\/author\/sconconi\/\" \/><meta itemprop=\"name\" content=\"SConconi\" \/><meta itemprop=\"url\" content=\"http:\/\/macchifiorenzo.com\/wp-content\/uploads\/2021\/10\/img_evidenza_fiera_autopromotec_bo2022-3.jpg\" \/><meta itemprop=\"width\" content=\"1200\" \/><meta itemprop=\"height\" content=\"1000\" \/><meta itemprop=\"interactionType\" content=\"https:\/\/schema.org\/CommentAction\" \/><meta itemprop=\"userInteractionCount\" content=\"0\" \/>\r\n\t\t\t\t\t<a href=\"https:\/\/macchifiorenzo.com\/fr\/autopromotec-bologna-2022\/\" title=\"AUTOPROMOTEC BOLOGNA 2022\"><\/a>\r\n\t\t\t\t<img decoding=\"async\" loading=\"lazy\" src=\"http:\/\/macchifiorenzo.com\/wp-content\/uploads\/bb-plugin\/cache\/img_evidenza_fiera_autopromotec_bo2022-3-1024x853-landscape.jpg\" alt=\"img_evidenza_fiera_autopromotec_bo2022\" itemprop=\"image\" data-no-lazy=\"1\" height=\"853\" width=\"1024\" title=\"img_evidenza_fiera_autopromotec_bo2022\" onerror=\"this.style.display='none'\"  \/>\r\n\t\t\t\t\t\t\t\t\t<h3 itemprop=\"headline\">\r\n\t\t\t\t\t\t\t\t\t\t\t\t\t\tAUTOPROMOTEC BOLOGNA 2022\t\t\t\t\t\t\t\t\t\t\t<\/h3>\r\n\t\t\t19 juillet 2022\t\t\t\t\t\t\r\n    Macchi Rag. Fiorenzo sera pr\u00e9sent au salon Autopromotec \u00e0 Bologne les 25 et 28 mai. Venez nous rendre visite pour conna\u00eetre toutes&#8230;\r\n\t<meta itemscope itemprop=\"mainEntityOfPage\" itemtype=\"https:\/\/schema.org\/WebPage\" itemid=\"https:\/\/macchifiorenzo.com\/fr\/nouveau-site-internet-en-ligne\/\" content=\"Nouveau site internet en ligne!\" \/><meta itemprop=\"datePublished\" content=\"2022-07-19\" \/><meta itemprop=\"dateModified\" content=\"2022-07-19\" \/><meta itemprop=\"name\" content=\"Macchi Rag Fiorenzo\"\/><meta itemprop=\"url\" content=\"http:\/\/macchifiorenzo.com\/wp-content\/uploads\/2021\/07\/03_logo_macchi_colori.svg\"\/><meta itemprop=\"url\" content=\"https:\/\/macchifiorenzo.com\/fr\/author\/ds_admin7\/\" \/><meta itemprop=\"name\" content=\"DS_admin7\" \/><meta itemprop=\"url\" content=\"http:\/\/macchifiorenzo.com\/wp-content\/uploads\/2021\/06\/img_evidenza_nuovo_sito.jpg\" \/><meta itemprop=\"width\" content=\"1200\" \/><meta itemprop=\"height\" content=\"1000\" \/><meta itemprop=\"interactionType\" content=\"https:\/\/schema.org\/CommentAction\" \/><meta itemprop=\"userInteractionCount\" content=\"0\" \/>\r\n\t\t\t\t\t<a href=\"https:\/\/macchifiorenzo.com\/fr\/nouveau-site-internet-en-ligne\/\" title=\"Nouveau site internet en ligne!\"><\/a>\r\n\t\t\t\t<img decoding=\"async\" loading=\"lazy\" src=\"http:\/\/macchifiorenzo.com\/wp-content\/uploads\/bb-plugin\/cache\/img_evidenza_nuovo_sito-1024x853-landscape.jpg\" alt=\"img_evidenza_nuovo_sito\" itemprop=\"image\" data-no-lazy=\"1\" height=\"853\" width=\"1024\" title=\"img_evidenza_nuovo_sito\" onerror=\"this.style.display='none'\"  \/>\r\n\t\t\t\t\t\t\t\t\t<h3 itemprop=\"headline\">\r\n\t\t\t\t\t\t\t\t\t\t\t\t\t\tNouveau site internet en ligne!\t\t\t\t\t\t\t\t\t\t\t<\/h3>\r\n\t\t\t19 juillet 2022\t\t\t\t\t\t\r\n    Le nouveau site est en ligne, avec une charte graphique enti\u00e8rement renouvel\u00e9e : un look attractif et une structure facile \u00e0 naviguer&#8230;.\r\n\t\t<!-- .pp-content-posts -->\r\n\t<p>Notre fabrication<\/p>\r\n<h2>\r\n\t\tBORNES \/ \/ COSSE\r\n\t<\/h2>\r\n<h2>\r\n\t\tC\u00c2BLES ET TRESSES DE MASSE\r\n\t<\/h2>\r\n<h2>\r\n\t\tPINCE BATTERIE \/ \/ C\u00c2BLES DE BATTERIE\r\n\t<\/h2>\r\n\t\t\t<a href=\"\/fr\/cat\u00e9gorie-de-produit\/bornes\/\" target=\"_self\" role=\"button\" rel=\"noopener\">\r\n\t\t\t\t\t\tEn savoir plus\r\n\t\t<\/a>\r\n\r\n","protected":false},"excerpt":{"rendered":"<p>rester \u00e0 l&rsquo;\u00e9coute Derni\u00e8res nouvelles Arri\u00e8re AUTOMECHANIKA FRANCOFORTE 2022 19 juillet 2022 Macchi Rag. Fiorenzo sera pr\u00e9sent au salon AUTOMECHANIKA \u00e0 Francfort du 13 au 17 septembre. Venez nous rendre visite pour conna\u00eetre toutes&#8230; AUTOPROMOTEC BOLOGNA 2022 19 juillet 2022 Macchi Rag. Fiorenzo sera pr\u00e9sent au salon Autopromotec \u00e0 Bologne les 25 et 28 mai. &hellip;<\/p>\n<p class=\"read-more\"> <a class=\"\" href=\"https:\/\/macchifiorenzo.com\/fr\/evenements\/\"> <span class=\"screen-reader-text\">\u00c9v\u00e9nements<\/span> Lire la suite \u00bb<\/a><\/p>\n","protected":false},"author":546,"featured_media":0,"parent":0,"menu_order":0,"comment_status":"closed","ping_status":"closed","template":"","meta":{"inline_featured_image":false,"site-sidebar-layout":"no-sidebar","site-content-layout":"page-builder","ast-global-header-display":"","ast-main-header-display":"","ast-hfb-above-header-display":"","ast-hfb-below-header-display":"","ast-hfb-mobile-header-display":"","site-post-title":"disabled","ast-breadcrumbs-content":"","ast-featured-img":"disabled","footer-sml-layout":"","theme-transparent-header-meta":"default","adv-header-id-meta":"","stick-header-meta":"default","header-above-stick-meta":"","header-main-stick-meta":"","header-below-stick-meta":""},"acf":[],"yoast_head":"<!-- This site is optimized with the Yoast SEO plugin v19.4 - https:\/\/yoast.com\/wordpress\/plugins\/seo\/ -->\n<title>\u00c9v\u00e9nements - Macchi Rag Fiorenzo<\/title>\n<meta name=\"robots\" content=\"index, follow, max-snippet:-1, max-image-preview:large, max-video-preview:-1\" \/>\n<link rel=\"canonical\" href=\"https:\/\/macchifiorenzo.com\/fr\/evenements\/\" \/>\n<meta property=\"og:locale\" content=\"fr_FR\" \/>\n<meta property=\"og:type\" content=\"article\" \/>\n<meta property=\"og:title\" content=\"\u00c9v\u00e9nements - Macchi Rag Fiorenzo\" \/>\n<meta property=\"og:description\" content=\"rester \u00e0 l&rsquo;\u00e9coute Derni\u00e8res nouvelles Arri\u00e8re AUTOMECHANIKA FRANCOFORTE 2022 19 juillet 2022 Macchi Rag. Fiorenzo sera pr\u00e9sent au salon AUTOMECHANIKA \u00e0 Francfort du 13 au 17 septembre. Venez nous rendre visite pour conna\u00eetre toutes&#8230; AUTOPROMOTEC BOLOGNA 2022 19 juillet 2022 Macchi Rag. Fiorenzo sera pr\u00e9sent au salon Autopromotec \u00e0 Bologne les 25 et 28 mai. &hellip; \u00c9v\u00e9nements Lire la suite \u00bb\" \/>\n<meta property=\"og:url\" content=\"https:\/\/macchifiorenzo.com\/fr\/evenements\/\" \/>\n<meta property=\"og:site_name\" content=\"Macchi Rag Fiorenzo\" \/>\n<meta property=\"article:modified_time\" content=\"2022-07-29T09:05:27+00:00\" \/>\n<meta property=\"og:image\" content=\"http:\/\/macchifiorenzo.com\/wp-content\/uploads\/bb-plugin\/cache\/img_evidenza_automechanika-frankfurt_2022-1024x853-landscape.jpg\" \/>\n<meta name=\"twitter:card\" content=\"summary_large_image\" \/>\n<meta name=\"twitter:label1\" content=\"Dur\u00e9e de lecture estim\u00e9e\" \/>\n\t<meta name=\"twitter:data1\" content=\"2 minutes\" \/>\n<script type=\"application\/ld+json\" class=\"yoast-schema-graph\">{\"@context\":\"https:\/\/schema.org\",\"@graph\":[{\"@type\":\"Organization\",\"@id\":\"https:\/\/macchifiorenzo.com\/#organization\",\"name\":\"Macchi Rag. Fiorenzo\",\"url\":\"https:\/\/macchifiorenzo.com\/\",\"sameAs\":[],\"logo\":{\"@type\":\"ImageObject\",\"inLanguage\":\"fr-FR\",\"@id\":\"https:\/\/macchifiorenzo.com\/#\/schema\/logo\/image\/\",\"url\":\"http:\/\/macchifiorenzo.com\/wp-content\/uploads\/2022\/07\/03_logo_macchi_mail.png\",\"contentUrl\":\"http:\/\/macchifiorenzo.com\/wp-content\/uploads\/2022\/07\/03_logo_macchi_mail.png\",\"width\":140,\"height\":86,\"caption\":\"Macchi Rag. Fiorenzo\"},\"image\":{\"@id\":\"https:\/\/macchifiorenzo.com\/#\/schema\/logo\/image\/\"}},{\"@type\":\"WebSite\",\"@id\":\"https:\/\/macchifiorenzo.com\/#website\",\"url\":\"https:\/\/macchifiorenzo.com\/\",\"name\":\"Macchi Rag Fiorenzo\",\"description\":\"\",\"publisher\":{\"@id\":\"https:\/\/macchifiorenzo.com\/#organization\"},\"potentialAction\":[{\"@type\":\"SearchAction\",\"target\":{\"@type\":\"EntryPoint\",\"urlTemplate\":\"https:\/\/macchifiorenzo.com\/?s={search_term_string}\"},\"query-input\":\"required name=search_term_string\"}],\"inLanguage\":\"fr-FR\"},{\"@type\":\"WebPage\",\"@id\":\"https:\/\/macchifiorenzo.com\/fr\/evenements\/\",\"url\":\"https:\/\/macchifiorenzo.com\/fr\/evenements\/\",\"name\":\"\u00c9v\u00e9nements - Macchi Rag Fiorenzo\",\"isPartOf\":{\"@id\":\"https:\/\/macchifiorenzo.com\/#website\"},\"datePublished\":\"2022-07-13T14:17:43+00:00\",\"dateModified\":\"2022-07-29T09:05:27+00:00\",\"breadcrumb\":{\"@id\":\"https:\/\/macchifiorenzo.com\/fr\/evenements\/#breadcrumb\"},\"inLanguage\":\"fr-FR\",\"potentialAction\":[{\"@type\":\"ReadAction\",\"target\":[\"https:\/\/macchifiorenzo.com\/fr\/evenements\/\"]}]},{\"@type\":\"BreadcrumbList\",\"@id\":\"https:\/\/macchifiorenzo.com\/fr\/evenements\/#breadcrumb\",\"itemListElement\":[{\"@type\":\"ListItem\",\"position\":1,\"name\":\"Home\",\"item\":\"https:\/\/macchifiorenzo.com\/fr\/\"},{\"@type\":\"ListItem\",\"position\":2,\"name\":\"\u00c9v\u00e9nements\"}]}]}<\/script>\n<!-- \/ Yoast SEO plugin. -->","yoast_head_json":{"title":"\u00c9v\u00e9nements - Macchi Rag Fiorenzo","robots":{"index":"index","follow":"follow","max-snippet":"max-snippet:-1","max-image-preview":"max-image-preview:large","max-video-preview":"max-video-preview:-1"},"canonical":"https:\/\/macchifiorenzo.com\/fr\/evenements\/","og_locale":"fr_FR","og_type":"article","og_title":"\u00c9v\u00e9nements - Macchi Rag Fiorenzo","og_description":"rester \u00e0 l&rsquo;\u00e9coute Derni\u00e8res nouvelles Arri\u00e8re AUTOMECHANIKA FRANCOFORTE 2022 19 juillet 2022 Macchi Rag. Fiorenzo sera pr\u00e9sent au salon AUTOMECHANIKA \u00e0 Francfort du 13 au 17 septembre. Venez nous rendre visite pour conna\u00eetre toutes&#8230; AUTOPROMOTEC BOLOGNA 2022 19 juillet 2022 Macchi Rag. Fiorenzo sera pr\u00e9sent au salon Autopromotec \u00e0 Bologne les 25 et 28 mai. &hellip; \u00c9v\u00e9nements Lire la suite \u00bb","og_url":"https:\/\/macchifiorenzo.com\/fr\/evenements\/","og_site_name":"Macchi Rag Fiorenzo","article_modified_time":"2022-07-29T09:05:27+00:00","og_image":[{"url":"http:\/\/macchifiorenzo.com\/wp-content\/uploads\/bb-plugin\/cache\/img_evidenza_automechanika-frankfurt_2022-1024x853-landscape.jpg"}],"twitter_card":"summary_large_image","twitter_misc":{"Dur\u00e9e de lecture estim\u00e9e":"2 minutes"},"schema":{"@context":"https:\/\/schema.org","@graph":[{"@type":"Organization","@id":"https:\/\/macchifiorenzo.com\/#organization","name":"Macchi Rag. Fiorenzo","url":"https:\/\/macchifiorenzo.com\/","sameAs":[],"logo":{"@type":"ImageObject","inLanguage":"fr-FR","@id":"https:\/\/macchifiorenzo.com\/#\/schema\/logo\/image\/","url":"http:\/\/macchifiorenzo.com\/wp-content\/uploads\/2022\/07\/03_logo_macchi_mail.png","contentUrl":"http:\/\/macchifiorenzo.com\/wp-content\/uploads\/2022\/07\/03_logo_macchi_mail.png","width":140,"height":86,"caption":"Macchi Rag. Fiorenzo"},"image":{"@id":"https:\/\/macchifiorenzo.com\/#\/schema\/logo\/image\/"}},{"@type":"WebSite","@id":"https:\/\/macchifiorenzo.com\/#website","url":"https:\/\/macchifiorenzo.com\/","name":"Macchi Rag Fiorenzo","description":"","publisher":{"@id":"https:\/\/macchifiorenzo.com\/#organization"},"potentialAction":[{"@type":"SearchAction","target":{"@type":"EntryPoint","urlTemplate":"https:\/\/macchifiorenzo.com\/?s={search_term_string}"},"query-input":"required name=search_term_string"}],"inLanguage":"fr-FR"},{"@type":"WebPage","@id":"https:\/\/macchifiorenzo.com\/fr\/evenements\/","url":"https:\/\/macchifiorenzo.com\/fr\/evenements\/","name":"\u00c9v\u00e9nements - Macchi Rag Fiorenzo","isPartOf":{"@id":"https:\/\/macchifiorenzo.com\/#website"},"datePublished":"2022-07-13T14:17:43+00:00","dateModified":"2022-07-29T09:05:27+00:00","breadcrumb":{"@id":"https:\/\/macchifiorenzo.com\/fr\/evenements\/#breadcrumb"},"inLanguage":"fr-FR","potentialAction":[{"@type":"ReadAction","target":["https:\/\/macchifiorenzo.com\/fr\/evenements\/"]}]},{"@type":"BreadcrumbList","@id":"https:\/\/macchifiorenzo.com\/fr\/evenements\/#breadcrumb","itemListElement":[{"@type":"ListItem","position":1,"name":"Home","item":"https:\/\/macchifiorenzo.com\/fr\/"},{"@type":"ListItem","position":2,"name":"\u00c9v\u00e9nements"}]}]}},"_links":{"self":[{"href":"https:\/\/macchifiorenzo.com\/fr\/wp-json\/wp\/v2\/pages\/1948"}],"collection":[{"href":"https:\/\/macchifiorenzo.com\/fr\/wp-json\/wp\/v2\/pages"}],"about":[{"href":"https:\/\/macchifiorenzo.com\/fr\/wp-json\/wp\/v2\/types\/page"}],"author":[{"embeddable":true,"href":"https:\/\/macchifiorenzo.com\/fr\/wp-json\/wp\/v2\/users\/546"}],"replies":[{"embeddable":true,"href":"https:\/\/macchifiorenzo.com\/fr\/wp-json\/wp\/v2\/comments?post=1948"}],"version-history":[{"count":4,"href":"https:\/\/macchifiorenzo.com\/fr\/wp-json\/wp\/v2\/pages\/1948\/revisions"}],"predecessor-version":[{"id":2522,"href":"https:\/\/macchifiorenzo.com\/fr\/wp-json\/wp\/v2\/pages\/1948\/revisions\/2522"}],"wp:attachment":[{"href":"https:\/\/macchifiorenzo.com\/fr\/wp-json\/wp\/v2\/media?parent=1948"}],"curies":[{"name":"wp","href":"https:\/\/api.w.org\/{rel}","templated":true}]}}