{"id":2122,"date":"2022-07-18T12:26:02","date_gmt":"2022-07-18T10:26:02","guid":{"rendered":"http:\/\/macchifiorenzo.com\/kontakte\/"},"modified":"2022-07-28T10:05:26","modified_gmt":"2022-07-28T08:05:26","slug":"kontakte","status":"publish","type":"page","link":"https:\/\/macchifiorenzo.com\/de\/kontakte\/","title":{"rendered":"Kontakte"},"content":{"rendered":"\n<h5>\n\t\tKONTAKTE\n\t<\/h5>\n<h1>\n\t\tGet in touch with us\n\t<\/h1>\n<h2>\n\t\tSenden Sie uns eine Informationsanfrage\n\t<\/h2>\n<h5>\n\t\tUNSERE MITARBEITER WERDEN IHNEN GERNE SO SCHNELL WIE M\u00d6GLICH ANTWORTEN.\n\t<\/h5>\n\t\n\t\n \n<form action=\"\/de\/?page_id=2122&#038;fl_builder#wpcf7-f2142-o1\" method=\"post\" novalidate=\"novalidate\" data-status=\"init\">\n<input type=\"hidden\" name=\"_wpcf7\" value=\"2142\" \/>\n<input type=\"hidden\" name=\"_wpcf7_version\" value=\"5.5.3\" \/>\n<input type=\"hidden\" name=\"_wpcf7_locale\" value=\"it_IT\" \/>\n<input type=\"hidden\" name=\"_wpcf7_unit_tag\" value=\"wpcf7-f2142-o1\" \/>\n<input type=\"hidden\" name=\"_wpcf7_container_post\" value=\"0\" \/>\n<input type=\"hidden\" name=\"_wpcf7_posted_data_hash\" value=\"\" \/>\n      <input type=\"text\" name=\"nome\" value=\"\" size=\"40\" aria-required=\"true\" aria-invalid=\"false\" placeholder=\"Vorname (*)\" \/>\n      <input type=\"text\" name=\"cognome\" value=\"\" size=\"40\" aria-required=\"true\" aria-invalid=\"false\" placeholder=\"Nachname (*)\" \/>\n      <input type=\"email\" name=\"email\" value=\"\" size=\"40\" aria-required=\"true\" aria-invalid=\"false\" placeholder=\"E-mail (*)\" \/>\n      <input type=\"tel\" name=\"tel\" value=\"\" size=\"40\" aria-invalid=\"false\" placeholder=\"Telefon\" \/>\n      <textarea name=\"messaggio\" cols=\"40\" rows=\"5\" aria-required=\"true\" aria-invalid=\"false\" placeholder=\"Messaggio (*)\"><\/textarea>\n      <label><input type=\"checkbox\" name=\"privacy\" value=\"1\" aria-invalid=\"false\" \/>Ich best\u00e4tige, dass ich die Informationen gelesen habe <a href=\"\/de\/privacy-policy\/\" title=\"Privacy Policy\">Privacy<\/a>.*<\/label>\n      <input type=\"submit\" value=\"Nachricht senden\" \/>\n      <small> Ihre E-Mail ist gesch\u00fctzt <a href=\"\/de\/privacy-policy\/\" title=\"Privacy Policy\">Privacy Policy<\/a>. Die Anfrage ist kostenlos und unverbindlich.<\/small>\n<\/form>\n\t\t\t\t<img decoding=\"async\" loading=\"lazy\" src=\"http:\/\/macchifiorenzo.com\/wp-content\/uploads\/2021\/07\/favicon_macchi.png\" alt=\"favicon_macchi\" itemprop=\"image\" height=\"512\" width=\"512\" title=\"favicon_macchi\" onerror=\"this.style.display='none'\"  \/>\n\t<p><strong>Macchi rag. Fiorenzo S.r.l.<\/strong><\/p>\nP.IVA\/C.F. 02406690129<br \/>\nReg. Imp. VA N\u00b0 74702\/1997-VA<br \/>\nCap. Soc. \u20ac 15.494,00\nVia delle Vigne 33\/A<br \/>\n21040 Venegono Inferiore VA\n<a href=\"tel:+390331865383\">+39 0331 86 53 83<\/a><br \/>\n<a href=\"mailto:info@macchi-fiorenzo.com\">info@macchi-fiorenzo.com<\/a>\n\n","protected":false},"excerpt":{"rendered":"<p>KONTAKTE Get in touch with us Senden Sie uns eine Informationsanfrage UNSERE MITARBEITER WERDEN IHNEN GERNE SO SCHNELL WIE M\u00d6GLICH ANTWORTEN. Ich best\u00e4tige, dass ich die Informationen gelesen habe Privacy.* Ihre E-Mail ist gesch\u00fctzt Privacy Policy. Die Anfrage ist kostenlos und unverbindlich. Macchi rag. Fiorenzo S.r.l. P.IVA\/C.F. 02406690129 Reg. Imp. VA N\u00b0 74702\/1997-VA Cap. Soc. &hellip;<\/p>\n<p class=\"read-more\"> <a class=\"\" href=\"https:\/\/macchifiorenzo.com\/de\/kontakte\/\"> <span class=\"screen-reader-text\">Kontakte<\/span> Read More \u00bb<\/a><\/p>\n","protected":false},"author":546,"featured_media":0,"parent":0,"menu_order":0,"comment_status":"closed","ping_status":"closed","template":"","meta":{"inline_featured_image":false,"site-sidebar-layout":"no-sidebar","site-content-layout":"page-builder","ast-global-header-display":"","ast-main-header-display":"","ast-hfb-above-header-display":"","ast-hfb-below-header-display":"","ast-hfb-mobile-header-display":"","site-post-title":"disabled","ast-breadcrumbs-content":"","ast-featured-img":"disabled","footer-sml-layout":"","theme-transparent-header-meta":"default","adv-header-id-meta":"","stick-header-meta":"default","header-above-stick-meta":"","header-main-stick-meta":"","header-below-stick-meta":""},"acf":[],"yoast_head":"<!-- This site is optimized with the Yoast SEO plugin v19.4 - https:\/\/yoast.com\/wordpress\/plugins\/seo\/ -->\n<title>Kontakte - Macchi Rag Fiorenzo<\/title>\n<meta name=\"robots\" content=\"index, follow, max-snippet:-1, max-image-preview:large, max-video-preview:-1\" \/>\n<link rel=\"canonical\" href=\"https:\/\/macchifiorenzo.com\/de\/kontakte\/\" \/>\n<meta property=\"og:locale\" content=\"de_DE\" \/>\n<meta property=\"og:type\" content=\"article\" \/>\n<meta property=\"og:title\" content=\"Kontakte - Macchi Rag Fiorenzo\" \/>\n<meta property=\"og:description\" content=\"KONTAKTE Get in touch with us Senden Sie uns eine Informationsanfrage UNSERE MITARBEITER WERDEN IHNEN GERNE SO SCHNELL WIE M\u00d6GLICH ANTWORTEN. Ich best\u00e4tige, dass ich die Informationen gelesen habe Privacy.* Ihre E-Mail ist gesch\u00fctzt Privacy Policy. Die Anfrage ist kostenlos und unverbindlich. Macchi rag. Fiorenzo S.r.l. P.IVA\/C.F. 02406690129 Reg. Imp. VA N\u00b0 74702\/1997-VA Cap. Soc. &hellip; Kontakte Read More \u00bb\" \/>\n<meta property=\"og:url\" content=\"https:\/\/macchifiorenzo.com\/de\/kontakte\/\" \/>\n<meta property=\"og:site_name\" content=\"Macchi Rag Fiorenzo\" \/>\n<meta property=\"article:modified_time\" content=\"2022-07-28T08:05:26+00:00\" \/>\n<meta property=\"og:image\" content=\"http:\/\/macchifiorenzo.com\/wp-content\/uploads\/2021\/07\/favicon_macchi.png\" \/>\n<meta name=\"twitter:card\" content=\"summary_large_image\" \/>\n<script type=\"application\/ld+json\" class=\"yoast-schema-graph\">{\"@context\":\"https:\/\/schema.org\",\"@graph\":[{\"@type\":\"Organization\",\"@id\":\"https:\/\/macchifiorenzo.com\/#organization\",\"name\":\"Macchi Rag. Fiorenzo\",\"url\":\"https:\/\/macchifiorenzo.com\/\",\"sameAs\":[],\"logo\":{\"@type\":\"ImageObject\",\"inLanguage\":\"de\",\"@id\":\"https:\/\/macchifiorenzo.com\/#\/schema\/logo\/image\/\",\"url\":\"http:\/\/macchifiorenzo.com\/wp-content\/uploads\/2022\/07\/03_logo_macchi_mail.png\",\"contentUrl\":\"http:\/\/macchifiorenzo.com\/wp-content\/uploads\/2022\/07\/03_logo_macchi_mail.png\",\"width\":140,\"height\":86,\"caption\":\"Macchi Rag. Fiorenzo\"},\"image\":{\"@id\":\"https:\/\/macchifiorenzo.com\/#\/schema\/logo\/image\/\"}},{\"@type\":\"WebSite\",\"@id\":\"https:\/\/macchifiorenzo.com\/#website\",\"url\":\"https:\/\/macchifiorenzo.com\/\",\"name\":\"Macchi Rag Fiorenzo\",\"description\":\"\",\"publisher\":{\"@id\":\"https:\/\/macchifiorenzo.com\/#organization\"},\"potentialAction\":[{\"@type\":\"SearchAction\",\"target\":{\"@type\":\"EntryPoint\",\"urlTemplate\":\"https:\/\/macchifiorenzo.com\/?s={search_term_string}\"},\"query-input\":\"required name=search_term_string\"}],\"inLanguage\":\"de\"},{\"@type\":\"WebPage\",\"@id\":\"https:\/\/macchifiorenzo.com\/de\/kontakte\/\",\"url\":\"https:\/\/macchifiorenzo.com\/de\/kontakte\/\",\"name\":\"Kontakte - Macchi Rag Fiorenzo\",\"isPartOf\":{\"@id\":\"https:\/\/macchifiorenzo.com\/#website\"},\"datePublished\":\"2022-07-18T10:26:02+00:00\",\"dateModified\":\"2022-07-28T08:05:26+00:00\",\"breadcrumb\":{\"@id\":\"https:\/\/macchifiorenzo.com\/de\/kontakte\/#breadcrumb\"},\"inLanguage\":\"de\",\"potentialAction\":[{\"@type\":\"ReadAction\",\"target\":[\"https:\/\/macchifiorenzo.com\/de\/kontakte\/\"]}]},{\"@type\":\"BreadcrumbList\",\"@id\":\"https:\/\/macchifiorenzo.com\/de\/kontakte\/#breadcrumb\",\"itemListElement\":[{\"@type\":\"ListItem\",\"position\":1,\"name\":\"Home\",\"item\":\"https:\/\/macchifiorenzo.com\/de\/\"},{\"@type\":\"ListItem\",\"position\":2,\"name\":\"Kontakte\"}]}]}<\/script>\n<!-- \/ Yoast SEO plugin. -->","yoast_head_json":{"title":"Kontakte - Macchi Rag Fiorenzo","robots":{"index":"index","follow":"follow","max-snippet":"max-snippet:-1","max-image-preview":"max-image-preview:large","max-video-preview":"max-video-preview:-1"},"canonical":"https:\/\/macchifiorenzo.com\/de\/kontakte\/","og_locale":"de_DE","og_type":"article","og_title":"Kontakte - Macchi Rag Fiorenzo","og_description":"KONTAKTE Get in touch with us Senden Sie uns eine Informationsanfrage UNSERE MITARBEITER WERDEN IHNEN GERNE SO SCHNELL WIE M\u00d6GLICH ANTWORTEN. Ich best\u00e4tige, dass ich die Informationen gelesen habe Privacy.* Ihre E-Mail ist gesch\u00fctzt Privacy Policy. Die Anfrage ist kostenlos und unverbindlich. Macchi rag. Fiorenzo S.r.l. P.IVA\/C.F. 02406690129 Reg. Imp. VA N\u00b0 74702\/1997-VA Cap. Soc. &hellip; Kontakte Read More \u00bb","og_url":"https:\/\/macchifiorenzo.com\/de\/kontakte\/","og_site_name":"Macchi Rag Fiorenzo","article_modified_time":"2022-07-28T08:05:26+00:00","og_image":[{"url":"http:\/\/macchifiorenzo.com\/wp-content\/uploads\/2021\/07\/favicon_macchi.png"}],"twitter_card":"summary_large_image","schema":{"@context":"https:\/\/schema.org","@graph":[{"@type":"Organization","@id":"https:\/\/macchifiorenzo.com\/#organization","name":"Macchi Rag. Fiorenzo","url":"https:\/\/macchifiorenzo.com\/","sameAs":[],"logo":{"@type":"ImageObject","inLanguage":"de","@id":"https:\/\/macchifiorenzo.com\/#\/schema\/logo\/image\/","url":"http:\/\/macchifiorenzo.com\/wp-content\/uploads\/2022\/07\/03_logo_macchi_mail.png","contentUrl":"http:\/\/macchifiorenzo.com\/wp-content\/uploads\/2022\/07\/03_logo_macchi_mail.png","width":140,"height":86,"caption":"Macchi Rag. Fiorenzo"},"image":{"@id":"https:\/\/macchifiorenzo.com\/#\/schema\/logo\/image\/"}},{"@type":"WebSite","@id":"https:\/\/macchifiorenzo.com\/#website","url":"https:\/\/macchifiorenzo.com\/","name":"Macchi Rag Fiorenzo","description":"","publisher":{"@id":"https:\/\/macchifiorenzo.com\/#organization"},"potentialAction":[{"@type":"SearchAction","target":{"@type":"EntryPoint","urlTemplate":"https:\/\/macchifiorenzo.com\/?s={search_term_string}"},"query-input":"required name=search_term_string"}],"inLanguage":"de"},{"@type":"WebPage","@id":"https:\/\/macchifiorenzo.com\/de\/kontakte\/","url":"https:\/\/macchifiorenzo.com\/de\/kontakte\/","name":"Kontakte - Macchi Rag Fiorenzo","isPartOf":{"@id":"https:\/\/macchifiorenzo.com\/#website"},"datePublished":"2022-07-18T10:26:02+00:00","dateModified":"2022-07-28T08:05:26+00:00","breadcrumb":{"@id":"https:\/\/macchifiorenzo.com\/de\/kontakte\/#breadcrumb"},"inLanguage":"de","potentialAction":[{"@type":"ReadAction","target":["https:\/\/macchifiorenzo.com\/de\/kontakte\/"]}]},{"@type":"BreadcrumbList","@id":"https:\/\/macchifiorenzo.com\/de\/kontakte\/#breadcrumb","itemListElement":[{"@type":"ListItem","position":1,"name":"Home","item":"https:\/\/macchifiorenzo.com\/de\/"},{"@type":"ListItem","position":2,"name":"Kontakte"}]}]}},"_links":{"self":[{"href":"https:\/\/macchifiorenzo.com\/de\/wp-json\/wp\/v2\/pages\/2122"}],"collection":[{"href":"https:\/\/macchifiorenzo.com\/de\/wp-json\/wp\/v2\/pages"}],"about":[{"href":"https:\/\/macchifiorenzo.com\/de\/wp-json\/wp\/v2\/types\/page"}],"author":[{"embeddable":true,"href":"https:\/\/macchifiorenzo.com\/de\/wp-json\/wp\/v2\/users\/546"}],"replies":[{"embeddable":true,"href":"https:\/\/macchifiorenzo.com\/de\/wp-json\/wp\/v2\/comments?post=2122"}],"version-history":[{"count":6,"href":"https:\/\/macchifiorenzo.com\/de\/wp-json\/wp\/v2\/pages\/2122\/revisions"}],"predecessor-version":[{"id":2421,"href":"https:\/\/macchifiorenzo.com\/de\/wp-json\/wp\/v2\/pages\/2122\/revisions\/2421"}],"wp:attachment":[{"href":"https:\/\/macchifiorenzo.com\/de\/wp-json\/wp\/v2\/media?parent=2122"}],"curies":[{"name":"wp","href":"https:\/\/api.w.org\/{rel}","templated":true}]}}