{"id":1946,"date":"2022-07-13T15:48:14","date_gmt":"2022-07-13T13:48:14","guid":{"rendered":"http:\/\/macchifiorenzo.com\/ueber-uns\/"},"modified":"2022-07-18T09:09:00","modified_gmt":"2022-07-18T07:09:00","slug":"ueber-uns","status":"publish","type":"page","link":"https:\/\/macchifiorenzo.com\/de\/ueber-uns\/","title":{"rendered":"\u00dcber uns"},"content":{"rendered":"\n<h1>\n\t\t\n\t<\/h1>\n<h2>\n\t\tst\u00e4ndiger bewegung\n\t<\/h2>\n<h5>\n\t\tSeit 1957 \n\t<\/h5>\n<h3>\n\t\tEIN UNTERNEHMEN IN  <br \/>ST\u00c4NDIGER BEWEGUNG\n\t<\/h3>\n\t<p>Im Laufe der Jahre, Macchi Rag. Fiorenzo S.r.l. zeigt es den starken Wunsch, kontinuerliche Verbesserungen vorzunehmen.<\/p>\n\tDank der Perfektionierung der Produktion und der Ausweitung des Vertriebs, ist das Unternehmen in der Lage, mehr Sicherheit zu garantieren und gleichzeitig die professionelle Kompetenz su bewahren, die es auszeichnet.<br \/>\nMacchi Rag. Fiorenzo S.r.l. blickt in die Zukunft mit den Augen derjenigen, die weiter gehen wollen, immer bessere Materialen und Ger\u00e4te suchen und bei jedem Produkt nach Perfektion streben.\n\t\t\t\t<img decoding=\"async\" loading=\"lazy\" src=\"http:\/\/macchifiorenzo.com\/wp-content\/uploads\/2021\/10\/img-azienda-1.jpg\" alt=\"img-azienda-1\" itemprop=\"image\" height=\"1309\" width=\"1200\" title=\"img-azienda-1\" onerror=\"this.style.display='none'\"  \/>\n<!-- If both -->\n\t<ul>\n\t\t\t\t<li>\n\t\t\t\t\t\t<!--date-->\n\t\t\t\t\tSep 21, 2021\t\t\t\t\n\t\t\t<!--\/.date-->\n\t\t\t<!--icon-->\n\t\t\t<!--\/.icon-->\n\t\t\t<!--Timline-Content-->\n\t\t\t\t\t<!--Timline-Title-->\n\t\t\t\t\t<h3>\n\t\t\t\t\t\t1957\t\t\t\t\t<\/h3>\n\t\t\t\t\t<!--\/.Timline-Title-->\n\t\t\t\t\t<!--Timline-description-->\n\t\t\t\t\t<p>Macchi Rag. Fiorenzo S.r.l. nimmt seinen Namen von seinem Gr\u00fcnder mit der Herstellung von Batterieklemmen aus Messingdruckguss.<\/p>\n\t\t\t\t\t<!--\/.Timline-description-->\n\t\t\t<!--\/.Timline-Content-->\n\t\t<\/li>\n\t\t\t\t<li>\n\t\t\t\t\t\t<!--date-->\n\t\t\t\t\tSep 21, 2021\t\t\t\t\n\t\t\t<!--\/.date-->\n\t\t\t<!--icon-->\n\t\t\t<!--\/.icon-->\n\t\t\t<!--Timline-Content-->\n\t\t\t\t\t<!--Timline-Title-->\n\t\t\t\t\t<h3>\n\t\t\t\t\t\t1997\t\t\t\t\t<\/h3>\n\t\t\t\t\t<!--\/.Timline-Title-->\n\t\t\t\t\t<!--Timline-description-->\n\t\t\t\t\t<p>Das Unternehnem ist von der Familie Carraro unter der Leitung des derzeitigen Administrators Marco Carraro \u00fcbernommen. Es erreicht wichtige Positionierungsziele sowohl auf dem italienischen als auch auf dem ausl\u00e4ndischen Markt dank Qualit\u00e4t, Wissen und Wettbewerbsf\u00e4higkeit, sowie einer immer breiteren Sortimentserweiterung, um die Kundenbed\u00fcrfnisse st\u00e4ndig zu befriedigen.<\/p>\n\t\t\t\t\t<!--\/.Timline-description-->\n\t\t\t<!--\/.Timline-Content-->\n\t\t<\/li>\n\t\t\t\t<li>\n\t\t\t\t\t\t<!--date-->\n\t\t\t\t\tSep 21, 2021\t\t\t\t\n\t\t\t<!--\/.date-->\n\t\t\t<!--icon-->\n\t\t\t<!--\/.icon-->\n\t\t\t<!--Timline-Content-->\n\t\t\t\t\t<!--Timline-Title-->\n\t\t\t\t\t<h3>\n\t\t\t\t\t\t1999\t\t\t\t\t<\/h3>\n\t\t\t\t\t<!--\/.Timline-Title-->\n\t\t\t\t\t<!--Timline-description-->\n\t\t\t\t\t<p>Dank des Wunsches zu wachsen, beginnt das die Firma \u00a0Macchi Rag. Fiorenzo S.r.l. zum ersten Mal, sich durch die wichtigsten Veranstaltungen der Branche in Italien und im Ausland bekannt zu machen.<\/p>\n\t\t\t\t\t<!--\/.Timline-description-->\n\t\t\t<!--\/.Timline-Content-->\n\t\t<\/li>\n\t\t\t\t<li>\n\t\t\t\t\t\t<!--date-->\n\t\t\t\t\tSep 21, 2021\t\t\t\t\n\t\t\t<!--\/.date-->\n\t\t\t<!--icon-->\n\t\t\t<!--\/.icon-->\n\t\t\t<!--Timline-Content-->\n\t\t\t\t\t<!--Timline-Title-->\n\t\t\t\t\t<h3>\n\t\t\t\t\t\t2007\t\t\t\t\t<\/h3>\n\t\t\t\t\t<!--\/.Timline-Title-->\n\t\t\t\t\t<!--Timline-description-->\n\t\t\t\t\t<p>50 Jahre Gesch\u00e4ftst\u00e4tigkeit<\/p>\n\t\t\t\t\t<!--\/.Timline-description-->\n\t\t\t<!--\/.Timline-Content-->\n\t\t<\/li>\n\t\t\t\t<li>\n\t\t\t\t\t\t<!--date-->\n\t\t\t\t\tSep 21, 2021\t\t\t\t\n\t\t\t<!--\/.date-->\n\t\t\t<!--icon-->\n\t\t\t<!--\/.icon-->\n\t\t\t<!--Timline-Content-->\n\t\t\t\t\t<!--Timline-Title-->\n\t\t\t\t\t<h3>\n\t\t\t\t\t\t2015\t\t\t\t\t<\/h3>\n\t\t\t\t\t<!--\/.Timline-Title-->\n\t\t\t\t\t<!--Timline-description-->\n\t\t\t\t\t<p>Immer auf der Suche nach neuen Materialen, die Firma Macchi Rag. Fiorenzo S.r.l. ist der erste Hersteller in Italien von professionellen CCA-Kabeln.<\/p>\n\t\t\t\t\t<!--\/.Timline-description-->\n\t\t\t<!--\/.Timline-Content-->\n\t\t<\/li>\n\t\t\t\t<li>\n\t\t\t\t\t\t<!--date-->\n\t\t\t\t\tSep 21, 2021\t\t\t\t\n\t\t\t<!--\/.date-->\n\t\t\t<!--icon-->\n\t\t\t<!--\/.icon-->\n\t\t\t<!--Timline-Content-->\n\t\t\t\t\t<!--Timline-Title-->\n\t\t\t\t\t<h3>\n\t\t\t\t\t\t2019\t\t\t\t\t<\/h3>\n\t\t\t\t\t<!--\/.Timline-Title-->\n\t\t\t\t\t<!--Timline-description-->\n\t\t\t\t\t<p>Das Unternehmen Macchi Rag. Fiorenzo S.r.l. startet ein Corporate-Identity-Restyling-Project. Ein Weg, der mit der Erneurung des Logos und der Einbindung des Pay-offs beginnt, der die St\u00e4rken des Unternehmens stark und wirkungsvoll kommuniziert. Die rote Farbe der Marke wird zum Protagonisten in der Unternehmenskommunikation, um ihre Wiedererkennung auf dem Markt zu st\u00e4rken. Die neue Website wird regelm\u00e4\u00dfig mit neuen Artikeln aktualisiert.<\/p>\n\t\t\t\t\t<!--\/.Timline-description-->\n\t\t\t<!--\/.Timline-Content-->\n\t\t<\/li>\n\t\t\t\t<li>\n\t\t\t\t\t\t<!--date-->\n\t\t\t\t\tSep 21, 2021\t\t\t\t\n\t\t\t<!--\/.date-->\n\t\t\t<!--icon-->\n\t\t\t<!--\/.icon-->\n\t\t\t<!--Timline-Content-->\n\t\t\t\t\t<!--Timline-Title-->\n\t\t\t\t\t<h3>\n\t\t\t\t\t\t2020\/2022\t\t\t\t\t<\/h3>\n\t\t\t\t\t<!--\/.Timline-Title-->\n\t\t\t\t\t<!--Timline-description-->\n\t\t\t\t\t<p>Auch in diesen schwierigen Jahren blickt die Firma Macchi Rag. Fiorenzo S.r.l. weiter nach vorn und inverstiert in neue Artikel und verbessert in der Zwischenheit die bestehenden.<\/p>\n\t\t\t\t\t<!--\/.Timline-description-->\n\t\t\t<!--\/.Timline-Content-->\n\t\t<\/li>\n\t\t\t<\/ul>\n<h5>\n\t\tUnsere produktion\n\t<\/h5>\n<h3>\n\t\tQUALIT\u00c4T UND<br \/>ZUVERL\u00c4SSIGKEIT\n\t<\/h3>\n\t<p>Die Produktion umfasst ein breites Sortiment an Batterieklemmen, Starterkabeln, Massegeflechten und Kabeln und ist mit kompetenter und sorgf\u00e4ltiger Verwaltung im gesamten Staatsgebiet vertreten.<\/p>\n\t<p>Dank der F\u00e4higkeit, die Bed\u00fcrfnisse der einzelnen Kunden mit den Anforderungen ihrer jeweiligen M\u00e4rkte zu integrieren, ist das Unternehmen in der Lage, Produkte von h\u00f6chster Qualit\u00e4t mit Liebe zum Detail herzustellen.<\/p>\n<p>Immer auf der Suche nach neuen Herausforderungen erm\u00f6glicht die langj\u00e4hrige Erfahrung in der Produktion von autoteilen zielgerichtete und sich st\u00e4ndig weiterentwickelnde L\u00f6sungen.<\/p>\n\t\t\t\t<img decoding=\"async\" loading=\"lazy\" src=\"http:\/\/macchifiorenzo.com\/wp-content\/uploads\/2021\/10\/img-azienda-2-1.jpg\" alt=\"img-azienda-2\" itemprop=\"image\" height=\"1309\" width=\"1200\" title=\"img-azienda-2\" onerror=\"this.style.display='none'\"  \/>\n\n","protected":false},"excerpt":{"rendered":"<p>st\u00e4ndiger bewegung Seit 1957 EIN UNTERNEHMEN IN ST\u00c4NDIGER BEWEGUNG Im Laufe der Jahre, Macchi Rag. Fiorenzo S.r.l. zeigt es den starken Wunsch, kontinuerliche Verbesserungen vorzunehmen. Dank der Perfektionierung der Produktion und der Ausweitung des Vertriebs, ist das Unternehmen in der Lage, mehr Sicherheit zu garantieren und gleichzeitig die professionelle Kompetenz su bewahren, die es auszeichnet. &hellip;<\/p>\n<p class=\"read-more\"> <a class=\"\" href=\"https:\/\/macchifiorenzo.com\/de\/ueber-uns\/\"> <span class=\"screen-reader-text\">\u00dcber uns<\/span> Read More \u00bb<\/a><\/p>\n","protected":false},"author":546,"featured_media":0,"parent":0,"menu_order":0,"comment_status":"closed","ping_status":"closed","template":"","meta":{"inline_featured_image":false,"site-sidebar-layout":"no-sidebar","site-content-layout":"page-builder","ast-global-header-display":"","ast-main-header-display":"","ast-hfb-above-header-display":"","ast-hfb-below-header-display":"","ast-hfb-mobile-header-display":"","site-post-title":"disabled","ast-breadcrumbs-content":"","ast-featured-img":"disabled","footer-sml-layout":"","theme-transparent-header-meta":"default","adv-header-id-meta":"","stick-header-meta":"default","header-above-stick-meta":"","header-main-stick-meta":"","header-below-stick-meta":""},"acf":[],"yoast_head":"<!-- This site is optimized with the Yoast SEO plugin v19.4 - https:\/\/yoast.com\/wordpress\/plugins\/seo\/ -->\n<title>\u00dcber uns - Macchi Rag Fiorenzo<\/title>\n<meta name=\"robots\" content=\"index, follow, max-snippet:-1, max-image-preview:large, max-video-preview:-1\" \/>\n<link rel=\"canonical\" href=\"https:\/\/macchifiorenzo.com\/de\/ueber-uns\/\" \/>\n<meta property=\"og:locale\" content=\"de_DE\" \/>\n<meta property=\"og:type\" content=\"article\" \/>\n<meta property=\"og:title\" content=\"\u00dcber uns - Macchi Rag Fiorenzo\" \/>\n<meta property=\"og:description\" content=\"st\u00e4ndiger bewegung Seit 1957 EIN UNTERNEHMEN IN ST\u00c4NDIGER BEWEGUNG Im Laufe der Jahre, Macchi Rag. Fiorenzo S.r.l. zeigt es den starken Wunsch, kontinuerliche Verbesserungen vorzunehmen. Dank der Perfektionierung der Produktion und der Ausweitung des Vertriebs, ist das Unternehmen in der Lage, mehr Sicherheit zu garantieren und gleichzeitig die professionelle Kompetenz su bewahren, die es auszeichnet. &hellip; \u00dcber uns Read More \u00bb\" \/>\n<meta property=\"og:url\" content=\"https:\/\/macchifiorenzo.com\/de\/ueber-uns\/\" \/>\n<meta property=\"og:site_name\" content=\"Macchi Rag Fiorenzo\" \/>\n<meta property=\"article:modified_time\" content=\"2022-07-18T07:09:00+00:00\" \/>\n<meta property=\"og:image\" content=\"http:\/\/macchifiorenzo.com\/wp-content\/uploads\/2021\/10\/img-azienda-1.jpg\" \/>\n<meta name=\"twitter:card\" content=\"summary_large_image\" \/>\n<meta name=\"twitter:label1\" content=\"Gesch\u00e4tzte Lesezeit\" \/>\n\t<meta name=\"twitter:data1\" content=\"2\u00a0Minuten\" \/>\n<script type=\"application\/ld+json\" class=\"yoast-schema-graph\">{\"@context\":\"https:\/\/schema.org\",\"@graph\":[{\"@type\":\"Organization\",\"@id\":\"https:\/\/macchifiorenzo.com\/#organization\",\"name\":\"Macchi Rag. Fiorenzo\",\"url\":\"https:\/\/macchifiorenzo.com\/\",\"sameAs\":[],\"logo\":{\"@type\":\"ImageObject\",\"inLanguage\":\"de\",\"@id\":\"https:\/\/macchifiorenzo.com\/#\/schema\/logo\/image\/\",\"url\":\"http:\/\/macchifiorenzo.com\/wp-content\/uploads\/2022\/07\/03_logo_macchi_mail.png\",\"contentUrl\":\"http:\/\/macchifiorenzo.com\/wp-content\/uploads\/2022\/07\/03_logo_macchi_mail.png\",\"width\":140,\"height\":86,\"caption\":\"Macchi Rag. Fiorenzo\"},\"image\":{\"@id\":\"https:\/\/macchifiorenzo.com\/#\/schema\/logo\/image\/\"}},{\"@type\":\"WebSite\",\"@id\":\"https:\/\/macchifiorenzo.com\/#website\",\"url\":\"https:\/\/macchifiorenzo.com\/\",\"name\":\"Macchi Rag Fiorenzo\",\"description\":\"\",\"publisher\":{\"@id\":\"https:\/\/macchifiorenzo.com\/#organization\"},\"potentialAction\":[{\"@type\":\"SearchAction\",\"target\":{\"@type\":\"EntryPoint\",\"urlTemplate\":\"https:\/\/macchifiorenzo.com\/?s={search_term_string}\"},\"query-input\":\"required name=search_term_string\"}],\"inLanguage\":\"de\"},{\"@type\":\"WebPage\",\"@id\":\"https:\/\/macchifiorenzo.com\/de\/ueber-uns\/\",\"url\":\"https:\/\/macchifiorenzo.com\/de\/ueber-uns\/\",\"name\":\"\u00dcber uns - Macchi Rag Fiorenzo\",\"isPartOf\":{\"@id\":\"https:\/\/macchifiorenzo.com\/#website\"},\"datePublished\":\"2022-07-13T13:48:14+00:00\",\"dateModified\":\"2022-07-18T07:09:00+00:00\",\"breadcrumb\":{\"@id\":\"https:\/\/macchifiorenzo.com\/de\/ueber-uns\/#breadcrumb\"},\"inLanguage\":\"de\",\"potentialAction\":[{\"@type\":\"ReadAction\",\"target\":[\"https:\/\/macchifiorenzo.com\/de\/ueber-uns\/\"]}]},{\"@type\":\"BreadcrumbList\",\"@id\":\"https:\/\/macchifiorenzo.com\/de\/ueber-uns\/#breadcrumb\",\"itemListElement\":[{\"@type\":\"ListItem\",\"position\":1,\"name\":\"Home\",\"item\":\"https:\/\/macchifiorenzo.com\/de\/\"},{\"@type\":\"ListItem\",\"position\":2,\"name\":\"\u00dcber uns\"}]}]}<\/script>\n<!-- \/ Yoast SEO plugin. -->","yoast_head_json":{"title":"\u00dcber uns - Macchi Rag Fiorenzo","robots":{"index":"index","follow":"follow","max-snippet":"max-snippet:-1","max-image-preview":"max-image-preview:large","max-video-preview":"max-video-preview:-1"},"canonical":"https:\/\/macchifiorenzo.com\/de\/ueber-uns\/","og_locale":"de_DE","og_type":"article","og_title":"\u00dcber uns - Macchi Rag Fiorenzo","og_description":"st\u00e4ndiger bewegung Seit 1957 EIN UNTERNEHMEN IN ST\u00c4NDIGER BEWEGUNG Im Laufe der Jahre, Macchi Rag. Fiorenzo S.r.l. zeigt es den starken Wunsch, kontinuerliche Verbesserungen vorzunehmen. Dank der Perfektionierung der Produktion und der Ausweitung des Vertriebs, ist das Unternehmen in der Lage, mehr Sicherheit zu garantieren und gleichzeitig die professionelle Kompetenz su bewahren, die es auszeichnet. &hellip; \u00dcber uns Read More \u00bb","og_url":"https:\/\/macchifiorenzo.com\/de\/ueber-uns\/","og_site_name":"Macchi Rag Fiorenzo","article_modified_time":"2022-07-18T07:09:00+00:00","og_image":[{"url":"http:\/\/macchifiorenzo.com\/wp-content\/uploads\/2021\/10\/img-azienda-1.jpg"}],"twitter_card":"summary_large_image","twitter_misc":{"Gesch\u00e4tzte Lesezeit":"2\u00a0Minuten"},"schema":{"@context":"https:\/\/schema.org","@graph":[{"@type":"Organization","@id":"https:\/\/macchifiorenzo.com\/#organization","name":"Macchi Rag. Fiorenzo","url":"https:\/\/macchifiorenzo.com\/","sameAs":[],"logo":{"@type":"ImageObject","inLanguage":"de","@id":"https:\/\/macchifiorenzo.com\/#\/schema\/logo\/image\/","url":"http:\/\/macchifiorenzo.com\/wp-content\/uploads\/2022\/07\/03_logo_macchi_mail.png","contentUrl":"http:\/\/macchifiorenzo.com\/wp-content\/uploads\/2022\/07\/03_logo_macchi_mail.png","width":140,"height":86,"caption":"Macchi Rag. Fiorenzo"},"image":{"@id":"https:\/\/macchifiorenzo.com\/#\/schema\/logo\/image\/"}},{"@type":"WebSite","@id":"https:\/\/macchifiorenzo.com\/#website","url":"https:\/\/macchifiorenzo.com\/","name":"Macchi Rag Fiorenzo","description":"","publisher":{"@id":"https:\/\/macchifiorenzo.com\/#organization"},"potentialAction":[{"@type":"SearchAction","target":{"@type":"EntryPoint","urlTemplate":"https:\/\/macchifiorenzo.com\/?s={search_term_string}"},"query-input":"required name=search_term_string"}],"inLanguage":"de"},{"@type":"WebPage","@id":"https:\/\/macchifiorenzo.com\/de\/ueber-uns\/","url":"https:\/\/macchifiorenzo.com\/de\/ueber-uns\/","name":"\u00dcber uns - Macchi Rag Fiorenzo","isPartOf":{"@id":"https:\/\/macchifiorenzo.com\/#website"},"datePublished":"2022-07-13T13:48:14+00:00","dateModified":"2022-07-18T07:09:00+00:00","breadcrumb":{"@id":"https:\/\/macchifiorenzo.com\/de\/ueber-uns\/#breadcrumb"},"inLanguage":"de","potentialAction":[{"@type":"ReadAction","target":["https:\/\/macchifiorenzo.com\/de\/ueber-uns\/"]}]},{"@type":"BreadcrumbList","@id":"https:\/\/macchifiorenzo.com\/de\/ueber-uns\/#breadcrumb","itemListElement":[{"@type":"ListItem","position":1,"name":"Home","item":"https:\/\/macchifiorenzo.com\/de\/"},{"@type":"ListItem","position":2,"name":"\u00dcber uns"}]}]}},"_links":{"self":[{"href":"https:\/\/macchifiorenzo.com\/de\/wp-json\/wp\/v2\/pages\/1946"}],"collection":[{"href":"https:\/\/macchifiorenzo.com\/de\/wp-json\/wp\/v2\/pages"}],"about":[{"href":"https:\/\/macchifiorenzo.com\/de\/wp-json\/wp\/v2\/types\/page"}],"author":[{"embeddable":true,"href":"https:\/\/macchifiorenzo.com\/de\/wp-json\/wp\/v2\/users\/546"}],"replies":[{"embeddable":true,"href":"https:\/\/macchifiorenzo.com\/de\/wp-json\/wp\/v2\/comments?post=1946"}],"version-history":[{"count":1,"href":"https:\/\/macchifiorenzo.com\/de\/wp-json\/wp\/v2\/pages\/1946\/revisions"}],"predecessor-version":[{"id":1990,"href":"https:\/\/macchifiorenzo.com\/de\/wp-json\/wp\/v2\/pages\/1946\/revisions\/1990"}],"wp:attachment":[{"href":"https:\/\/macchifiorenzo.com\/de\/wp-json\/wp\/v2\/media?parent=1946"}],"curies":[{"name":"wp","href":"https:\/\/api.w.org\/{rel}","templated":true}]}}